{"id":2367,"date":"2019-12-06T13:58:40","date_gmt":"2019-12-06T12:58:40","guid":{"rendered":"http:\/\/jemedis.schuetz-brandcom.de\/?page_id=2367"},"modified":"2026-01-30T09:38:51","modified_gmt":"2026-01-30T08:38:51","slug":"imprint","status":"publish","type":"page","link":"https:\/\/staging.jemedis.com\/en\/imprint\/","title":{"rendered":"Imprint"},"content":{"rendered":"<p>[et_pb_section fb_built=\u201c1\u201d fullwidth=\u201con\u201d _builder_version=\u201c4.16\u201d global_colors_info=\u201d{}\u201d][et_pb_fullwidth_header _builder_version=\u201c4.23.1\u201d background_image=\u201chttps:\/\/staging.jemedis.com\/wp-content\/uploads\/2023\/09\/Bildschirmfoto-2023\u201309-09-um-18.25.19.png\u201d global_colors_info=\u201d{}\u201d][\/et_pb_fullwidth_header][\/et_pb_section][et_pb_section fb_built=\u201c1\u201d _builder_version=\u201c4.16\u201d global_colors_info=\u201d{}\u201d][et_pb_row _builder_version=\u201c4.16\u201d background_size=\u201cinitial\u201d background_position=\u201ctop_left\u201d background_repeat=\u201crepeat\u201d global_colors_info=\u201d{}\u201d][et_pb_column type=\u201c4_4\u201d _builder_version=\u201c4.16\u201d custom_padding=\u201d|||\u201d global_colors_info=\u201d{}\u201d custom_padding__hover=\u201d|||\u201d][et_pb_text _builder_version=\u201c4.16\u201d z_index_tablet=\u201c500\u201d global_colors_info=\u201d{}\u201d]<\/p>\n<h1><span style=\"color: #1d0e46;\"><strong>Imprint<\/strong><\/span><\/h1>\n<p>[\/et_pb_text][et_pb_text _builder_version=\u201c4.23.1\u201d text_font=\u201cTitillium Web||||||||\u201d hover_enabled=\u201c0\u201d z_index_tablet=\u201c500\u201d global_colors_info=\u201d{}\u201d sticky_enabled=\u201c0\u201d]<\/p>\n<p><strong>Information according to \u00a7 5 <span class=\"caps\">TMG<\/span>:<br><\/strong><span>JEmedis GmbH<\/span><br><span>Im Biotechnologiepark<\/span><br><span>14943 Luckenwalde<\/span><\/p>\n<p><strong>Represented by:<\/strong><br>Dr. J\u00fcrgen Ebert<\/p>\n<p><strong>Contact:<br><\/strong><span>Tel.: +49-(0)3371 403065\u20130<\/span><br><span>Fax: +49-(0)3371\u2013403065\u20111<br><\/span><span>E\u2011Mail: info[at]jemedis.com<\/span><\/p>\n<p><strong>Register entry:<\/strong><br>Entry in the commercial register.<br>Register court: Potsdam<br>Register number: <span class=\"caps\">HRB<\/span> 35442&nbsp;P<\/p>\n<p><strong>Value added tax <span class=\"caps\">ID<\/span>:<br><\/strong>Sales tax identification number according to \u00a727 a sales tax law:<br><span><span class=\"caps\">DE<\/span><\/span><span>344066950<\/span><\/p>\n<p><strong>Information on professional indemnity insurance:<br><\/strong>Name and registered office of the insurer: <span class=\"caps\">ERGO<\/span> Versicherung <span class=\"caps\">AG<\/span><br>Insurance number: <span class=\"caps\">SV<\/span><span>&nbsp;75456701\u2013339<\/span><br>Area of validity of the insurance: Germany<\/p>\n<p><strong>Responsible for the content according to \u00a7 55 Abs. 2 RStV:<br><\/strong>Dr. J\u00fcrgen Ebert, Address see&nbsp;above<\/p>\n<p><strong>Dispute Settlement:<\/strong><br>The European Commission provides a platform for online dispute resolution (<span class=\"caps\">OS<\/span>):<br>https:\/\/ec.europa.eu\/consumers\/odr<\/p>\n<p>You can find our e\u2011mail address in the imprint above.<\/p>\n<p>We are not willing or obliged to participate in dispute resolution proceedings before a consumer mediation body.<\/p>\n<p><strong>Liability for content:<br><\/strong>As a service provider we are responsible according to \u00a7 7 Abs.1 <span class=\"caps\">TMG<\/span> for our own contents on these pages according to the general laws. According to \u00a7\u00a7 8 to 10 <span class=\"caps\">TMG<\/span>, we are not obliged to monitor transmitted or stored third-party information or to investigate circumstances that indicate illegal activity.<\/p>\n<p>Obligations to remove or block the use of information in accordance with general laws remain unaffected by this. However, liability in this respect is only possible from the time of knowledge of a concrete violation of the law. As soon as we become aware of such infringements, we will remove the content immediately.<\/p>\n<p><strong>Liability for links:<br><\/strong>Our offer contains links to external websites of third parties on whose contents we have no influence. Therefore, we cannot assume any liability for these external contents. The respective provider or operator of the pages is always responsible for the contents of the linked pages. The linked pages were checked for possible legal infringements at the time of linking. Illegal contents were not recognisable at the time of linking.<\/p>\n<p>A permanent control of the contents of the linked pages is not reasonable without concrete evidence of an infringement. As soon as we become aware of any legal infringements, we will remove such links immediately.<\/p>\n<p><strong>Copyright<br><\/strong>The contents and works on these pages created by the site operators are subject to German copyright law. Duplication, processing, distribution and any form of commercialization of such material beyond the scope of the copyright law shall require the prior written consent of its respective author or creator. Downloads and copies of these pages are only permitted for private, non-commercial use.<\/p>\n<p>Insofar as the content on this site was not created by the operator, the copyrights of third parties are respected. In particular, contents of third parties are marked as such. Should you nevertheless become aware of a copyright infringement, please inform us accordingly. As soon as we become aware of any infringements, we will remove such content immediately.<\/p>\n<p><strong>This website contains copyrighted images (all rights reserved) of<br><\/strong>Shutterstock Inc. <a href=\"http:\/\/www.shutterstock.com\">www.shutterstock.com<\/a><br>Photos and graphics by Sch\u00fctz Brandcom GmbH <a href=\"http:\/\/www.sbc-brand.com\">www.sbc-brand.com<\/a><br>Maps from Google <a href=\"http:\/\/www.google.com\">www.google.com<\/a><br><span>JEmedis GmbH&nbsp;<\/span><a href=\"https:\/\/jemedis.com\/Impressum\/www.pharmacept.com\">www.JEmedis.com<\/a><\/p>\n<p><strong>Design\/Programming<br><\/strong><a href=\"https:\/\/jemedis.com\/Impressum\/www.sbc-brand.com\">www.sbc-brand.com<\/a><\/p>\n<p>Source: <a href=\"https:\/\/www.e-recht24.de\/impressum-generator.html\">https:\/\/www.e\u2011recht24.de\/impressum-generator.html<\/a><\/p>\n<p>[\/et_pb_text][\/et_pb_column][\/et_pb_row][\/et_pb_section]<\/p>\n","protected":false},"excerpt":{"rendered":"<p>Imprint Information according to \u00a7 5 <span class=\"caps\">TMG<\/span>:JEmedis GmbHIm Biotechnologiepark14943 Luckenwalde Represented by:Dr. J\u00fcrgen Ebert Contact:Tel.: +49-(0)3371 403065\u20130Fax: +49-(0)3371\u2013403065\u2011<span class=\"caps\">1E<\/span>\u2011Mail: info[at]jemedis.com Register entry:Entry in the commercial register.Register court: PotsdamRegister number: <span class=\"caps\">HRB<\/span> 35442 P Value added tax <span class=\"caps\">ID<\/span>:Sales tax identification number according to \u00a727 a sales tax law:<span class=\"caps\">DE344066950<\/span> Information on professional indemnity insurance:Name and registered office of&nbsp;the&nbsp;[\u2026]<\/p>\n","protected":false},"author":2,"featured_media":0,"parent":0,"menu_order":0,"comment_status":"closed","ping_status":"closed","template":"","meta":{"_et_pb_use_builder":"on","_et_pb_old_content":"<p>Angaben gem\u00e4\u00df \u00a7 5 TMG:<\/p><p>PharmaCept GmbH<br \/>Bessemerstr. 82<br \/>12103 Berlin<\/p><p><strong>Vertreten durch:<\/strong><br \/>Herrn Dr. J\u00fcrgen Ebert<\/p><p><strong>Kontakt:<\/strong><br \/>Telefon: +49 (30) 75 65 98 50<br \/>Telefax: +49 (30) 7 56 59 85 11<br \/>E-Mail: info@pharmacept.com<\/p><p><strong>Registereintrag:<\/strong><br \/>Eintragung im Handelsregister.<br \/>Registergericht:Berlin-Charlottenburg<br \/>Registernummer: HRB 69725<\/p><p><strong>Umsatzsteuer-ID:<\/strong><br \/>Umsatzsteuer-Identifikationsnummer gem\u00e4\u00df \u00a727 a Umsatzsteuergesetz:<br \/>DE200443088<\/p><p>Angaben zur Berufshaftpflichtversicherung<\/p><p>Name und Sitz des Versicherers: ERGO Versicherung AG<br \/>Versicherungsnummer: HA003386202<br \/>Geltungsraum der Versicherung: Deutschland<\/p><p>Verantwortlich f\u00fcr den Inhalt nach \u00a7 55 Abs. 2 RStV:<br \/>PharmaCept GmbH, Dr. J\u00fcrgen Ebert, Bessemerstra\u00dfe 82, 12103 Berlin<\/p><p><strong>Streitschlichtung<\/strong><br \/>Die Europ\u00e4ische Kommission stellt eine Plattform zur Online-Streitbeilegung (OS) bereit:<\/p><p>https:\/\/ec.europa.eu\/consumers\/odr<\/p><p>Unsere E-Mail-Adresse finden Sie oben im Impressum.<\/p><p>Wir sind nicht bereit oder verpflichtet, an Streitbeilegungsverfahren vor einer Verbraucherschlichtungsstelle teilzunehmen.<\/p><p><strong>Haftung f\u00fcr Inhalte<\/strong><br \/>Als Diensteanbieter sind wir gem\u00e4\u00df \u00a7 7 Abs.1 TMG f\u00fcr eigene Inhalte auf diesen Seiten nach den allgemeinen Gesetzen verantwortlich. Nach \u00a7\u00a7 8 bis 10 TMG sind wir als Diensteanbieter jedoch nicht verpflichtet, \u00fcbermittelte oder gespeicherte fremde Informationen zu \u00fcberwachen oder nach Umst\u00e4nden zu forschen, die auf eine rechtswidrige T\u00e4tigkeit hinweisen.<\/p><p>Verpflichtungen zur Entfernung oder Sperrung der Nutzung von Informationen nach den allgemeinen Gesetzen bleiben hiervon unber\u00fchrt. Eine diesbez\u00fcgliche Haftung ist jedoch erst ab dem Zeitpunkt der Kenntnis einer konkreten Rechtsverletzung m\u00f6glich. Bei Bekanntwerden von entsprechenden Rechtsverletzungen werden wir diese Inhalte umgehend entfernen.<\/p><p><strong>Haftung f\u00fcr Links<\/strong><br \/>Unser Angebot enth\u00e4lt Links zu externen Websites Dritter, auf deren Inhalte wir keinen Einfluss haben. Deshalb k\u00f6nnen wir f\u00fcr diese fremden Inhalte auch keine Gew\u00e4hr \u00fcbernehmen. F\u00fcr die Inhalte der verlinkten Seiten ist stets der jeweilige Anbieter oder Betreiber der Seiten verantwortlich. Die verlinkten Seiten wurden zum Zeitpunkt der Verlinkung auf m\u00f6gliche Rechtsverst\u00f6\u00dfe \u00fcberpr\u00fcft. Rechtswidrige Inhalte waren zum Zeitpunkt der Verlinkung nicht erkennbar.<\/p><p>Eine permanente inhaltliche Kontrolle der verlinkten Seiten ist jedoch ohne konkrete Anhaltspunkte einer Rechtsverletzung nicht zumutbar. Bei Bekanntwerden von Rechtsverletzungen werden wir derartige Links umgehend entfernen.<\/p><p><strong>Urheberrecht<\/strong><br \/>Die durch die Seitenbetreiber erstellten Inhalte und Werke auf diesen Seiten unterliegen dem deutschen Urheberrecht. Die Vervielf\u00e4ltigung, Bearbeitung, Verbreitung und jede Art der Verwertung au\u00dferhalb der Grenzen des Urheberrechtes bed\u00fcrfen der schriftlichen Zustimmung des jeweiligen Autors bzw. Erstellers. Downloads und Kopien dieser Seite sind nur f\u00fcr den privaten, nicht kommerziellen Gebrauch gestattet.<\/p><p>Soweit die Inhalte auf dieser Seite nicht vom Betreiber erstellt wurden, werden die Urheberrechte Dritter beachtet. Insbesondere werden Inhalte Dritter als solche gekennzeichnet. Sollten Sie trotzdem auf eine Urheberrechtsverletzung aufmerksam werden, bitten wir um einen entsprechenden Hinweis. Bei Bekanntwerden von Rechtsverletzungen werden wir derartige Inhalte umgehend entfernen.<\/p><p>Quelle: https:\/\/www.e-recht24.de\/impressum-generator.html<\/p>","_et_gb_content_width":"","wp_typography_post_enhancements_disabled":false,"footnotes":""},"_links":{"self":[{"href":"https:\/\/staging.jemedis.com\/en\/wp-json\/wp\/v2\/pages\/2367"}],"collection":[{"href":"https:\/\/staging.jemedis.com\/en\/wp-json\/wp\/v2\/pages"}],"about":[{"href":"https:\/\/staging.jemedis.com\/en\/wp-json\/wp\/v2\/types\/page"}],"author":[{"embeddable":true,"href":"https:\/\/staging.jemedis.com\/en\/wp-json\/wp\/v2\/users\/2"}],"replies":[{"embeddable":true,"href":"https:\/\/staging.jemedis.com\/en\/wp-json\/wp\/v2\/comments?post=2367"}],"version-history":[{"count":11,"href":"https:\/\/staging.jemedis.com\/en\/wp-json\/wp\/v2\/pages\/2367\/revisions"}],"predecessor-version":[{"id":6193,"href":"https:\/\/staging.jemedis.com\/en\/wp-json\/wp\/v2\/pages\/2367\/revisions\/6193"}],"wp:attachment":[{"href":"https:\/\/staging.jemedis.com\/en\/wp-json\/wp\/v2\/media?parent=2367"}],"curies":[{"name":"wp","href":"https:\/\/api.w.org\/{rel}","templated":true}]}}